{"id":223,"date":"2017-02-20T22:33:23","date_gmt":"2017-02-20T21:33:23","guid":{"rendered":"http:\/\/www.mikrorc.eu\/?page_id=223"},"modified":"2018-05-23T19:50:48","modified_gmt":"2018-05-23T17:50:48","slug":"start","status":"publish","type":"page","link":"https:\/\/www.mikrorc.eu\/?page_id=223","title":{"rendered":""},"content":{"rendered":"<p style=\"text-align: center;\">Herzlich Willkommen auf der neuen Internetpr\u00e4senz von mikroRC.de<\/p>\n<p style=\"text-align: center;\">Es handelt sich um eine private Webseite \u00fcber das Hobby Mikromodellbau.<\/p>\n<p style=\"text-align: center;\">Ich\u00a0werde hier in lockerer Folge Artikel \u00fcber meine Fahrzeuge, Schiffe und Landschaftsmodule im Ma\u00dfsta\u00df 1\/87 sowie Tricks und Kniffe ver\u00f6ffentlichen.<\/p>\n<hr \/>\n<p style=\"text-align: center;\">Ein paar n\u00fctzliche Links zum Thema:<\/p>\n<h5 style=\"text-align: center;\"><strong><span style=\"color: #ff0000;\"><a style=\"color: #ff0000;\" href=\"http:\/\/www.mikromodell.de\" target=\"_blank\">IG Mikromodell<\/a><\/span><\/strong><\/h5>\n<p style=\"text-align: center;\">Dort werden auch Termine von Ausstellung und Messen ver\u00f6ffentlicht\u00a0.<\/p>\n<hr \/>\n<h5 style=\"text-align: center;\"><strong><span style=\"color: #ff0000;\"><a style=\"color: #ff0000;\" href=\"http:\/\/78514.homepagemodules.de\/\" target=\"_blank\">Mikromodellforum<\/a><\/span><\/strong><\/h5>\n<p style=\"text-align: center;\">Die zentralen Plattform zum Informationsaustausch unter Mikromodellbauern und Interessierten.<\/p>\n<hr \/>\n<h5 style=\"text-align: center;\"><strong><span style=\"color: #ff0000;\"><a style=\"color: #ff0000;\" href=\"http:\/\/shop.mikrorc.de\" target=\"_blank\">MikroRC-Shop<\/a><\/span><\/strong><\/h5>\n","protected":false},"excerpt":{"rendered":"<p>Herzlich Willkommen auf der neuen Internetpr\u00e4senz von mikroRC.de Es handelt sich um eine private Webseite \u00fcber&hellip;<\/p>\n","protected":false},"author":1,"featured_media":0,"parent":0,"menu_order":0,"comment_status":"closed","ping_status":"closed","template":"","meta":[],"_links":{"self":[{"href":"https:\/\/www.mikrorc.eu\/index.php?rest_route=\/wp\/v2\/pages\/223"}],"collection":[{"href":"https:\/\/www.mikrorc.eu\/index.php?rest_route=\/wp\/v2\/pages"}],"about":[{"href":"https:\/\/www.mikrorc.eu\/index.php?rest_route=\/wp\/v2\/types\/page"}],"author":[{"embeddable":true,"href":"https:\/\/www.mikrorc.eu\/index.php?rest_route=\/wp\/v2\/users\/1"}],"replies":[{"embeddable":true,"href":"https:\/\/www.mikrorc.eu\/index.php?rest_route=%2Fwp%2Fv2%2Fcomments&post=223"}],"version-history":[{"count":13,"href":"https:\/\/www.mikrorc.eu\/index.php?rest_route=\/wp\/v2\/pages\/223\/revisions"}],"predecessor-version":[{"id":275,"href":"https:\/\/www.mikrorc.eu\/index.php?rest_route=\/wp\/v2\/pages\/223\/revisions\/275"}],"wp:attachment":[{"href":"https:\/\/www.mikrorc.eu\/index.php?rest_route=%2Fwp%2Fv2%2Fmedia&parent=223"}],"curies":[{"name":"wp","href":"https:\/\/api.w.org\/{rel}","templated":true}]}}