{"id":376,"date":"2020-02-24T17:14:05","date_gmt":"2020-02-24T16:14:05","guid":{"rendered":"http:\/\/www.mikrorc.eu\/?page_id=376"},"modified":"2020-05-31T13:35:29","modified_gmt":"2020-05-31T11:35:29","slug":"baustelle-mikrorc-shop","status":"publish","type":"page","link":"https:\/\/www.mikrorc.eu\/?page_id=376","title":{"rendered":"Baustelle mikroRC-Shop"},"content":{"rendered":"\n<p>Ab sofort gibt es das gesamte Sortiment auch im Webshop von<\/p>\n\n\n\n<p><a rel=\"noreferrer noopener\" href=\"https:\/\/www.mikromodelle.de\/Onlineshop\/\" target=\"_blank\"><strong>Sven L\u00f6ffler Modellbau<\/strong><\/a><\/p>\n\n\n\n<p>Wenn Sie lieber hier bestellen m\u00f6chen k\u00f6nnen Sie das, bis unser eigener Shop wieder zur Verf\u00fcgung steht, weiterhin unter folgender eMail-Adresse tun: <a href=\"mailto:shop@mikrorc.de\"><strong><em>shop@mikrorc.de<\/em><\/strong><\/a> <\/p>\n\n\n\n<p>Wir arbeiten mit Hochdruck daran, den eigenen Shop so schnell wie m\u00f6glich wieder online zu bekommen. <\/p>\n\n\n\n<p><strong>Hier die Artikel\u00fcbersicht:<\/strong><\/p>\n\n\n\n<p>Anlenkhebel mit Zubeh\u00f6r 15\u20ac<\/p>\n\n\n\n<p>Schiffspropeller ge\u00e4tzt 8mm Durchmesser 3er Set 8\u20ac<\/p>\n\n\n\n<p> Schiffspropeller ge\u00e4tzt 10mm Durchmesser 3er Set 8\u20ac<\/p>\n\n\n\n<p> Schiffspropeller ge\u00e4tzt 12mm Durchmesser 3er Set 8\u20ac<\/p>\n\n\n\n<p> Schiffspropeller ge\u00e4tzt 15mm Durchmesser 3er Set 10\u20ac<\/p>\n\n\n\n<p> Schiffspropeller ge\u00e4tzt 4mm Durchmesser 6x 3Blatt + 6x 4Blatt Set 12\u20ac<\/p>\n\n\n\n<p> Schiffspropeller ge\u00e4tzt 5mm Durchmesser 6x 3Blatt + 6x 4Blatt Set 12\u20ac<\/p>\n\n\n\n<p> Schiffspropeller ge\u00e4tzt 6mm Durchmesser 6x 3Blatt + 6x 4Blatt Set 12\u20ac<\/p>\n","protected":false},"excerpt":{"rendered":"<p>Ab sofort gibt es das gesamte Sortiment auch im Webshop von Sven L\u00f6ffler Modellbau Wenn Sie&hellip;<\/p>\n","protected":false},"author":1,"featured_media":0,"parent":0,"menu_order":0,"comment_status":"closed","ping_status":"closed","template":"","meta":[],"_links":{"self":[{"href":"https:\/\/www.mikrorc.eu\/index.php?rest_route=\/wp\/v2\/pages\/376"}],"collection":[{"href":"https:\/\/www.mikrorc.eu\/index.php?rest_route=\/wp\/v2\/pages"}],"about":[{"href":"https:\/\/www.mikrorc.eu\/index.php?rest_route=\/wp\/v2\/types\/page"}],"author":[{"embeddable":true,"href":"https:\/\/www.mikrorc.eu\/index.php?rest_route=\/wp\/v2\/users\/1"}],"replies":[{"embeddable":true,"href":"https:\/\/www.mikrorc.eu\/index.php?rest_route=%2Fwp%2Fv2%2Fcomments&post=376"}],"version-history":[{"count":6,"href":"https:\/\/www.mikrorc.eu\/index.php?rest_route=\/wp\/v2\/pages\/376\/revisions"}],"predecessor-version":[{"id":390,"href":"https:\/\/www.mikrorc.eu\/index.php?rest_route=\/wp\/v2\/pages\/376\/revisions\/390"}],"wp:attachment":[{"href":"https:\/\/www.mikrorc.eu\/index.php?rest_route=%2Fwp%2Fv2%2Fmedia&parent=376"}],"curies":[{"name":"wp","href":"https:\/\/api.w.org\/{rel}","templated":true}]}}